{"id":67,"date":"2022-10-27T10:40:56","date_gmt":"2022-10-27T10:40:56","guid":{"rendered":"http:\/\/nighthearts.de\/?page_id=67"},"modified":"2022-10-27T10:42:00","modified_gmt":"2022-10-27T10:42:00","slug":"datenschutzerklaerung","status":"publish","type":"page","link":"https:\/\/nighthearts.de\/?page_id=67","title":{"rendered":"Datenschutzerkl\u00e4rung"},"content":{"rendered":"\n<h4>Datenschutz<\/h4>\n\n\n\n<p class=\"has-small-font-size\">Die Betreiber dieser Seiten nehmen den Schutz Ihrer pers\u00f6nlichen Daten sehr ernst.<br>Wir\n behandeln Ihre personenbezogenen Daten vertraulich und entsprechend der\n gesetzlichen Datenschutzvorschriften sowie dieser Datenschutzerkl\u00e4rung.<\/p>\n\n\n\n<p class=\"has-small-font-size\">Die Nutzung unserer Webseite ist in der Regel ohne Angabe personenbezogener Daten m\u00f6glich.<br>Soweit\n auf unseren Seiten personenbezogene Daten (beispielsweise Name, \nAnschrift oder E-Mail-Adressen) erhoben werden, erfolgt dies, soweit \nm\u00f6glich, stets auf freiwilliger Basis.<br>Diese Daten werden ohne Ihre ausdr\u00fcckliche Zustimmung nicht an Dritte weitergegeben.<\/p>\n\n\n\n<p class=\"has-small-font-size\">Wir\n weisen darauf hin, dass die Daten\u00fcbertragung im Internet (z.B. bei der \nKommunikation per E-Mail) Sicherheitsl\u00fccken aufweisen kann. Ein \nl\u00fcckenloser Schutz der Daten vor dem Zugriff durch Dritte ist nicht \nm\u00f6glich.<\/p>\n\n\n\n<h4>Benennung der verantwortlichen Stelle<\/h4>\n\n\n\n<p class=\"has-small-font-size\">Die verantwortliche Stelle f\u00fcr die Datenverarbeitung auf dieser Website ist:<\/p>\n\n\n\n<p class=\"has-small-font-size\"><br>Thomas Neidhart<br>Klosterfeld 5<br>59069 Hamm<\/p>\n\n\n\n<p class=\"has-small-font-size\">Die\n verantwortliche Stelle entscheidet allein oder gemeinsam mit anderen \n\u00fcber die Zwecke und Mittel der Verarbeitung von personenbezogenen Daten \n(z.B. Namen, Kontaktdaten o. \u00c4.).<\/p>\n\n\n\n<h4>Cookies<\/h4>\n\n\n\n<p class=\"has-small-font-size\">Die \nInternetseiten verwenden teilweise so genannte Cookies. Cookies richten \nauf Ihrem Rechner keinen Schaden an und enthalten keine Viren.<br>Cookies dienen dazu, unser Angebot nutzerfreundlicher, effektiver und sicherer zu machen.<br>Cookies sind kleine Textdateien, die auf Ihrem Rechner abgelegt werden und die Ihr Browser speichert.<\/p>\n\n\n\n<p class=\"has-small-font-size\">Die\n meisten der von uns verwendeten Cookies sind so genannte \n\u201eSession-Cookies\u201c. Sie werden nach Ende Ihres Besuchs automatisch \ngel\u00f6scht.<br>Andere Cookies bleiben auf Ihrem Endger\u00e4t gespeichert, bis \nSie diese l\u00f6schen. Diese Cookies erm\u00f6glichen es uns, Ihren Browser beim \nn\u00e4chsten Besuch wiederzuerkennen.<\/p>\n\n\n\n<p class=\"has-small-font-size\">Sie k\u00f6nnen Ihren Browser so \neinstellen, dass Sie \u00fcber das Setzen von Cookies informiert werden und \nCookies nur im Einzelfall erlauben, die Annahme von Cookies f\u00fcr \nbestimmte F\u00e4lle oder generell ausschlie\u00dfen sowie das automatische \nL\u00f6schen der Cookies beim Schlie\u00dfen des Browser aktivieren.<br>Bei der Deaktivierung von Cookies kann dieFunktionalit\u00e4t dieser Website eingeschr\u00e4nkt sein.<\/p>\n\n\n\n<h4>Server-Log-Files<\/h4>\n\n\n\n<p class=\"has-small-font-size\">Der Provider der Seiten erhebt und speichert automatisch Informationen in so genannten<br> Server-Log Files, die Ihr Browser automatisch an uns \u00fcbermittelt. Dies sind:<\/p>\n\n\n\n<p>Browsertyp und Browserversion<\/p>\n\n\n\n<p>verwendetes Betriebssystem<\/p>\n\n\n\n<p>Referrer URL<\/p>\n\n\n\n<p>Hostname des zugreifenden Rechners<\/p>\n\n\n\n<p>Uhrzeit der Serveranfrage<\/p>\n\n\n\n<p class=\"has-small-font-size\">Diese Daten sind nicht bestimmten Personen zuordenbar.<br>Eine Zusammenf\u00fchrung dieser Daten mit anderen Datenquellen wird nicht vorgenommen.<br>Wir\n behalten uns vor, diese Daten nachtr\u00e4glich zu pr\u00fcfen, wenn uns konkrete\n Anhaltspunkte f\u00fcr eine rechtswidrige Nutzung bekannt werden.<\/p>\n\n\n\n<h4>Kontaktformular<\/h4>\n\n\n\n<p class=\"has-small-font-size\">Wenn\n Sie uns per Kontaktformular Anfragen zukommen lassen, werden Ihre \nAngaben aus dem Anfrageformular inklusive der von Ihnen dort angegebenen\n Kontaktdaten zwecks Bearbeitung der Anfrage und f\u00fcr den Fall von \nAnschlussfragen bei uns gespeichert.<br>Diese Daten geben wir nicht ohne Ihre Einwilligung weiter.<\/p>\n\n\n\n<h4>SSL-Verschl\u00fcsselung<\/h4>\n\n\n\n<p class=\"has-small-font-size\">Diese\n Seite nutzt aus Gr\u00fcnden der Sicherheit und zum Schutz der \u00dcbertragung \nvertraulicher Inhalte, wie zum Beispiel der Anfragen, die Sie an uns als\n Seitenbetreiber senden, eine SSL-Verschl\u00fcsselung.<br>Eine \nverschl\u00fcsselte Verbindung erkennen Sie daran, dass die Adresszeile des \nBrowsers von \u201ehttp:\/\/\u201c auf \u201ehttps:\/\/\u201c wechselt und an dem Schloss-Symbol\n in Ihrer Browserzeile.<\/p>\n\n\n\n<p class=\"has-small-font-size\">Wenn die SSL Verschl\u00fcsselung aktiviert ist, k\u00f6nnen die Daten, die Sie an uns \u00fcbermitteln, nicht von Dritten mitgelesen werden.<\/p>\n\n\n\n<h4>Recht auf Beschwerde bei der zust\u00e4ndigen Aufsichtsbeh\u00f6rde<\/h4>\n\n\n\n<p class=\"has-small-font-size\">Als\n Betroffener steht Ihnen im Falle eines datenschutzrechtlichen Versto\u00dfes\n ein Beschwerderecht bei der zust\u00e4ndigen Aufsichtsbeh\u00f6rde zu. Zust\u00e4ndige\n Aufsichtsbeh\u00f6rde bez\u00fcglich datenschutzrechtlicher Fragen ist der \nLandesdatenschutzbeauftragte des Bundeslandes, in dem sich der Sitz \nunseres Unternehmens befindet. Der folgende Link stellt eine Liste der \nDatenschutzbeauftragten sowie deren Kontaktdaten bereit: <a href=\"https:\/\/www.bfdi.bund.de\/DE\/Infothek\/Anschriften_Links\/anschriften_links-node.html\" target=\"_blank\" rel=\"noreferrer noopener\">https:\/\/www.bfdi.bund.de\/DE\/Infothek\/Anschriften_Links\/anschriften_links-node.html<\/a>.<\/p>\n\n\n\n<h4>Recht auf Daten\u00fcbertragbarkeit<\/h4>\n\n\n\n<p class=\"has-small-font-size\">Ihnen\n steht das Recht zu, Daten, die wir auf Grundlage Ihrer Einwilligung \noder in Erf\u00fcllung eines Vertrags automatisiert verarbeiten, an sich oder\n an Dritte aush\u00e4ndigen zu lassen. Die Bereitstellung erfolgt in einem \nmaschinenlesbaren Format. Sofern Sie die direkte \u00dcbertragung der Daten \nan einen anderen Verantwortlichen verlangen, erfolgt dies nur, soweit es\n technisch machbar ist.<\/p>\n\n\n\n<h4>Recht auf Auskunft, L\u00f6schung, Sperrung<\/h4>\n\n\n\n<p class=\"has-small-font-size\">Sie\n haben jederzeit das Recht auf unentgeltliche Auskunft \u00fcber Ihre \ngespeicherten personenbezogenen Daten, deren Herkunft und Empf\u00e4nger und \nden Zweck der Datenverarbeitung sowie ein Recht auf Berichtigung, \nSperrung oder L\u00f6schung dieser Daten.<br>Hierzu sowie zu weiteren Fragen \nzum Thema personenbezogene Daten k\u00f6nnen Sie sich jederzeit unter der im \nImpressum angegebenen Adresse an uns wenden.<\/p>\n\n\n\n<h4>Widerspruch Werbe-Mails<\/h4>\n\n\n\n<p class=\"has-small-font-size\">Der  Nutzung von im Rahmen der Impressumspflicht ver\u00f6ffentlichten  Kontaktdaten zur \u00dcbersendung von nicht ausdr\u00fccklich angeforderter  Werbung und Informationsmaterialien wird hiermit widersprochen.<br>Die  Betreiber der Seiten behalten sich ausdr\u00fccklich rechtliche Schritte im  Falle der unverlangten Zusendung von Werbeinformationen, etwa durch  Spam-E-Mails, vor.<\/p>\n","protected":false},"excerpt":{"rendered":"<p>Datenschutz Die Betreiber dieser Seiten nehmen den Schutz Ihrer pers\u00f6nlichen Daten sehr ernst.Wir behandeln Ihre personenbezogenen Daten vertraulich und entsprechend der gesetzlichen Datenschutzvorschriften sowie dieser Datenschutzerkl\u00e4rung. Die Nutzung unserer Webseite ist in der Regel ohne Angabe personenbezogener Daten m\u00f6glich.Soweit auf unseren Seiten personenbezogene Daten (beispielsweise Name, Anschrift oder E-Mail-Adressen) erhoben werden, erfolgt dies, soweit m\u00f6glich, &hellip; <\/p>\n<p class=\"link-more\"><a href=\"https:\/\/nighthearts.de\/?page_id=67\" class=\"more-link\"><span class=\"screen-reader-text\">\u201eDatenschutzerkl\u00e4rung\u201c<\/span> weiterlesen<\/a><\/p>\n","protected":false},"author":1,"featured_media":0,"parent":0,"menu_order":0,"comment_status":"closed","ping_status":"closed","template":"","meta":[],"_links":{"self":[{"href":"https:\/\/nighthearts.de\/index.php?rest_route=\/wp\/v2\/pages\/67"}],"collection":[{"href":"https:\/\/nighthearts.de\/index.php?rest_route=\/wp\/v2\/pages"}],"about":[{"href":"https:\/\/nighthearts.de\/index.php?rest_route=\/wp\/v2\/types\/page"}],"author":[{"embeddable":true,"href":"https:\/\/nighthearts.de\/index.php?rest_route=\/wp\/v2\/users\/1"}],"replies":[{"embeddable":true,"href":"https:\/\/nighthearts.de\/index.php?rest_route=%2Fwp%2Fv2%2Fcomments&post=67"}],"version-history":[{"count":2,"href":"https:\/\/nighthearts.de\/index.php?rest_route=\/wp\/v2\/pages\/67\/revisions"}],"predecessor-version":[{"id":69,"href":"https:\/\/nighthearts.de\/index.php?rest_route=\/wp\/v2\/pages\/67\/revisions\/69"}],"wp:attachment":[{"href":"https:\/\/nighthearts.de\/index.php?rest_route=%2Fwp%2Fv2%2Fmedia&parent=67"}],"curies":[{"name":"wp","href":"https:\/\/api.w.org\/{rel}","templated":true}]}}